{"id":9981,"date":"2016-06-21T18:23:54","date_gmt":"2016-06-21T21:23:54","guid":{"rendered":"http:\/\/www.sosabelhas.com\/novo\/?page_id=9981"},"modified":"2016-07-21T11:31:53","modified_gmt":"2016-07-21T14:31:53","slug":"servicos-remocao-colmeias-abelhas-marimbondos-vespas","status":"publish","type":"page","link":"https:\/\/www.sosabelhas.com\/novo\/servicos-remocao-colmeias-abelhas-marimbondos-vespas\/","title":{"rendered":"Servi\u00e7os"},"content":{"rendered":"<p>[vc_row blox_class=&#8221;brdr-b1e&#8221;][vc_column][vc_row_inner][vc_column_inner width=&#8221;1\/2&#8243;][vc_column_text]<\/p>\n<p style=\"text-align: justify;\">At\u00e9 o dia 16 de julho de 2007 a S.O.S Abelha realizou mais de 15.000 consultas e orienta\u00e7\u00f5es, al\u00e9m de efetudas mais de 23 mil\u00a0capturas de abelhas em empresas, entidades e resid\u00eancias. Confira abaixo nossos principais servi\u00e7os:<\/p>\n<p style=\"text-align: justify;\">&#8211; COLETA E CAPTURA DE COLMEIAS DE ABELHAS, RETIRADA DE MARIMBONDOS E VESPEIROS SOS Abelhas<\/p>\n<p style=\"text-align: justify;\">Trabalhos com remo\u00e7\u00e3o de colm\u00e9ias de abelhas Apis Mel\u00edfera e Vespeiros em geral. Cera de Abelhas e produtos ap\u00edcolas direto do produtor.<\/p>\n<p style=\"text-align: justify;\">Apicultor respons\u00e1vel Antonio Padovani, conhecido nacionalmente como Toninho das Abelhas, (11) 4221 6690 ou (11) 7232 9584.<\/p>\n<p style=\"text-align: justify;\">&#8211; Palestras em Universidades, Escolas, Feiras de Ci\u00eancias, Simp\u00f3sios, Semin\u00e1rios, Ongs, Empresas<\/p>\n<p style=\"text-align: justify;\">&#8211; Apresenta\u00e7\u00f5es em programas de TV: Veja Mais!<\/p>\n<p style=\"text-align: justify;\">&#8211; Loja com diversas op\u00e7\u00f5es de lanches, sucos e derivados do mel.<\/p>\n<p style=\"text-align: justify;\">Apiterapia &#8211; Tratamento com Abelhas:<\/p>\n<p style=\"text-align: justify;\">Al\u00edvio de dores e melhora dos sintomas de v\u00e1rias enfermidades e doen\u00e7as auto imunes, entre elas:<\/p>\n<p style=\"text-align: justify;\">\u2022 Artrose<\/p>\n<p style=\"text-align: justify;\">\u2022 Artrite Reumatoide<\/p>\n<p style=\"text-align: justify;\">\u2022 Depress\u00e3o \/ Ansiedade<\/p>\n<p style=\"text-align: justify;\">\u2022 Fibromialgia<\/p>\n<p style=\"text-align: justify;\">\u2022 Rinite \/ Sinusite<\/p>\n<p style=\"text-align: justify;\">\u2022Enxaqueca \/ Dor de Cabe\u00e7a<\/p>\n<p style=\"text-align: justify;\">\u2022 Artrose<\/p>\n<p style=\"text-align: justify;\">\u2022 Varizes \/ Circula\u00e7\u00e3o<\/p>\n<p style=\"text-align: justify;\">\u2022 Nervo Ci\u00e1tico \/ INflama\u00e7\u00f5es<\/p>\n<p style=\"text-align: justify;\">\u2022 Dores em Geral<\/p>\n<p>[\/vc_column_text][\/vc_column_inner][vc_column_inner width=&#8221;1\/2&#8243;][vc_single_image image=&#8221;10018&#8243; img_size=&#8221;full&#8221; alignment=&#8221;center&#8221;][\/vc_column_inner][\/vc_row_inner]<hr class=\"vertical-space2\">[vc_gallery type=&#8221;image_grid&#8221; images=&#8221;10021,10020,10019,10017,10016&#8243;][\/vc_column][\/vc_row]<\/p>\n","protected":false},"excerpt":{"rendered":"<p>[vc_row blox_class=&#8221;brdr-b1e&#8221;][vc_column][vc_row_inner][vc_column_inner width=&#8221;1\/2&#8243;][vc_column_text] At\u00e9 o dia 16 de julho de 2007 a S.O.S Abelha realizou mais de 15.000 consultas e orienta\u00e7\u00f5es, al\u00e9m de efetudas mais de 23 mil\u00a0capturas de abelhas em empresas, entidades e resid\u00eancias. Confira abaixo nossos principais servi\u00e7os: &#8211; COLETA E CAPTURA DE COLMEIAS DE ABELHAS, RETIRADA DE MARIMBONDOS E VESPEIROS SOS Abelhas Trabalhos com remo\u00e7\u00e3o de colm\u00e9ias de abelhas Apis Mel\u00edfera e Vespeiros em geral. Cera de Abelhas e produtos ap\u00edcolas direto do produtor. Apicultor respons\u00e1vel Antonio Padovani, conhecido nacionalmente como Toninho das Abelhas, (11) 4221 6690 ou (11) 7232 9584. &#8211; Palestras em Universidades, Escolas, Feiras de Ci\u00eancias, Simp\u00f3sios, Semin\u00e1rios, Ongs, Empresas &#8211; Apresenta\u00e7\u00f5es em programas de TV: Veja Mais! &#8211; Loja com diversas op\u00e7\u00f5es de lanches, sucos e derivados do mel. Apiterapia &#8211; Tratamento com Abelhas: Al\u00edvio de dores e melhora dos sintomas de v\u00e1rias enfermidades e doen\u00e7as auto imunes, entre elas: \u2022 Artrose \u2022 Artrite Reumatoide \u2022 Depress\u00e3o \/ Ansiedade \u2022 Fibromialgia \u2022 Rinite \/ Sinusite \u2022Enxaqueca \/ Dor de Cabe\u00e7a \u2022 Artrose \u2022 Varizes \/ Circula\u00e7\u00e3o \u2022 Nervo Ci\u00e1tico \/ INflama\u00e7\u00f5es \u2022 Dores em Geral [\/vc_column_text][\/vc_column_inner][vc_column_inner width=&#8221;1\/2&#8243;][vc_single_image image=&#8221;10018&#8243; img_size=&#8221;full&#8221; alignment=&#8221;center&#8221;][\/vc_column_inner][\/vc_row_inner][vc_gallery type=&#8221;image_grid&#8221; images=&#8221;10021,10020,10019,10017,10016&#8243;][\/vc_column][\/vc_row]<\/p>\n","protected":false},"author":1,"featured_media":0,"parent":0,"menu_order":0,"comment_status":"closed","ping_status":"closed","template":"","meta":[],"_links":{"self":[{"href":"https:\/\/www.sosabelhas.com\/novo\/wp-json\/wp\/v2\/pages\/9981"}],"collection":[{"href":"https:\/\/www.sosabelhas.com\/novo\/wp-json\/wp\/v2\/pages"}],"about":[{"href":"https:\/\/www.sosabelhas.com\/novo\/wp-json\/wp\/v2\/types\/page"}],"author":[{"embeddable":true,"href":"https:\/\/www.sosabelhas.com\/novo\/wp-json\/wp\/v2\/users\/1"}],"replies":[{"embeddable":true,"href":"https:\/\/www.sosabelhas.com\/novo\/wp-json\/wp\/v2\/comments?post=9981"}],"version-history":[{"count":5,"href":"https:\/\/www.sosabelhas.com\/novo\/wp-json\/wp\/v2\/pages\/9981\/revisions"}],"predecessor-version":[{"id":10025,"href":"https:\/\/www.sosabelhas.com\/novo\/wp-json\/wp\/v2\/pages\/9981\/revisions\/10025"}],"wp:attachment":[{"href":"https:\/\/www.sosabelhas.com\/novo\/wp-json\/wp\/v2\/media?parent=9981"}],"curies":[{"name":"wp","href":"https:\/\/api.w.org\/{rel}","templated":true}]}}